{"id":97,"date":"2023-04-25T23:00:00","date_gmt":"2023-04-25T21:00:00","guid":{"rendered":"https:\/\/www.rodglinianka.pl\/?page_id=97"},"modified":"2025-06-02T21:56:57","modified_gmt":"2025-06-02T19:56:57","slug":"dla-wedkarzy","status":"publish","type":"page","link":"https:\/\/www.rodglinianka.pl\/?page_id=97","title":{"rendered":"Dla w\u0119dkarzy"},"content":{"rendered":"\n<div class=\"wp-block-themeisle-blocks-advanced-columns has-1-columns has-desktop-equal-layout has-tablet-equal-layout has-mobile-equal-layout has-default-gap has-vertical-unset\" id=\"wp-block-themeisle-blocks-advanced-columns-e881e52f\"><div class=\"wp-block-themeisle-blocks-advanced-columns-overlay\"><\/div><div class=\"innerblocks-wrap\">\n<div class=\"wp-block-themeisle-blocks-advanced-column\" id=\"wp-block-themeisle-blocks-advanced-column-aebe5a08\">\n<p>Dzi\u0119ki porozumieniu z Polskim Zwi\u0105zkiem W\u0119dkarskim, w kt\u00f3rego gestii znajduj\u0105 si\u0119 oba stawy na terenie naszego Ogrodu, ka\u017cdy Dzia\u0142kowiec z wa\u017cn\u0105 kart\u0105 w\u0119dkarsk\u0105 mo\u017ce oddawa\u0107 si\u0119 swojemu hobby za zrycza\u0142towan\u0105 op\u0142at\u0105 roczn\u0105 w wysoko\u015bci 75% obecnie obowi\u0105zuj\u0105cego pozwolenia. Pozosta\u0142ych ch\u0119tnych (rodzin\u0119, go\u015bci) obowi\u0105zuje wykupienie zezwolenia.<\/p>\n\n\n\n<p>Wp\u0142at nale\u017cy dokonywa\u0107 u skarbnika PZW.<\/p>\n\n\n\n<p><a href=\"https:\/\/kolo75.ompzw.pl\" target=\"_blank\" rel=\"noreferrer noopener\" aria-label=\" (otwiera si\u0119 na nowej zak\u0142adce)\">Ko\u0142o PZW nr 75 w O\u017carowie Mazowieckim<\/a><\/p>\n\n\n\n<figure class=\"wp-block-image\"><img loading=\"lazy\" width=\"1024\" height=\"768\" src=\"https:\/\/www.rodglinianka.pl\/wp-content\/uploads\/2019\/09\/DSCN9056-1024x768-1024x768.jpg\" alt=\"\" class=\"wp-image-98\" srcset=\"https:\/\/www.rodglinianka.pl\/wp-content\/uploads\/2019\/09\/DSCN9056-1024x768.jpg 1024w, https:\/\/www.rodglinianka.pl\/wp-content\/uploads\/2019\/09\/DSCN9056-1024x768-300x225.jpg 300w, https:\/\/www.rodglinianka.pl\/wp-content\/uploads\/2019\/09\/DSCN9056-1024x768-768x576.jpg 768w\" sizes=\"(max-width: 1024px) 100vw, 1024px\" \/><\/figure>\n<\/div>\n<\/div><\/div>\n\n\n\n<h3><a href=\"#Terminarz2020\"><\/a>Plan imprez sportowych ko\u0142a nr 75 w O\u017carowie Mazowieckim na rok 2023<\/h3>\n\n\n\n<p>Plan Imprez Sportowych Ko\u0142a PZW 75 O\u017car\u00f3w Maz. na rok 2023<\/p>\n\n\n\n<p>1. 19.02.2023r. Mistrzostwa Podlodowe Ko\u0142a 75 II tury (Glinianka)<\/p>\n\n\n\n<p>2. 23.04.2023r. I Eliminacyjne Zawody Sp\u0142awikowe &#8211; Mistrzostwa Ko\u0142a (Glinianka) GPX<\/p>\n\n\n\n<p>3. 30.04.2023r. II Eliminacyjne Zawody Sp\u0142awikowe &#8211; Mistrzostwa Ko\u0142a (Kana\u0142 \u017bera\u0144ski) GPX<\/p>\n\n\n\n<p>4. 28.05.2023r. Mistrzostwa Spinningowe Ko\u0142a 75 &#8211; II tury (Pogorzelec) GPX<\/p>\n\n\n\n<p>5. 04.06.2023r. Dzie\u0144 Dziecka z w\u0119dk\u0105 (Glinianka)<\/p>\n\n\n\n<p>6. 18.06.2023r. Zawody Spinningowe &#8211; Puchar Starosty (Serock) GPX<\/p>\n\n\n\n<p>7. 0506.08.2023r. Memoria\u0142 Jana Czetyrkowskiego &#8211; nocne sp\u0142awikowe (Glinianka)<\/p>\n\n\n\n<p>8. 02.07.2023r. Mi\u0119dzyko\u0142owe zawody sp\u0142awikowe &#8211; Puchar starosty (Glinianka)<\/p>\n\n\n\n<p>9. 27-08-2023r. Towarzyskie Zawody Sp\u0142awikowe &#8211; Puchar Burmistrza O\u017carowa Maz.(Glinianka)<\/p>\n\n\n\n<p>10. 17-09-2022r. Zawody spinningowe \/Pogorzelec\/GPX<\/p>\n\n\n\n<p>11. 17-09-2023r. Zawody dru\u017cynowe spinningowe Strefy Zachodniej<\/p>\n\n\n\n<p>12. 24-09-2023r. Towarzyskie Zawody Sp\u0142awikowe &#8211; Puchar Prezesa (Glinianka) GPX<\/p>\n\n\n\n<p>13. 01.10.2023r. Towarzyskie Zawody Spinningowe &#8211; zako\u0144czenie sezonu (Zegrze) GPX<\/p>\n\n\n\n<p>14. 05-11-2023r. Towarzyskie Zawody Sp\u0142awikowe &#8211; zako\u0144czenie sezonu (Glinianka)) GPX<\/p>\n\n\n\n<p><strong>UWAGA<\/strong> Miejsca i daty zawod\u00f3w planowanych mog\u0105 ulec zmianie, natomiast w wolnych terminach zorganizowane b\u0119d\u0105 dodatkowe zawody.<\/p>\n","protected":false},"excerpt":{"rendered":"<p>Plan imprez sportowych ko\u0142a nr 75 w O\u017carowie Mazowieckim na rok 2023 Plan Imprez Sportowych Ko\u0142a PZW 75 O\u017car\u00f3w Maz. na rok 2023 1. 19.02.2023r. Mistrzostwa Podlodowe Ko\u0142a 75 II tury (Glinianka) 2. 23.04.2023r. I Eliminacyjne Zawody Sp\u0142awikowe &#8211; Mistrzostwa Ko\u0142a (Glinianka) GPX 3. 30.04.2023r. II Eliminacyjne Zawody Sp\u0142awikowe &#8211; Mistrzostwa Ko\u0142a (Kana\u0142 \u017bera\u0144ski) GPX <a class=\"continue\" href=\"https:\/\/www.rodglinianka.pl\/?page_id=97\">[Continue]<\/a><\/p>\n","protected":false},"author":1,"featured_media":0,"parent":0,"menu_order":0,"comment_status":"closed","ping_status":"closed","template":"","meta":[],"_links":{"self":[{"href":"https:\/\/www.rodglinianka.pl\/index.php?rest_route=\/wp\/v2\/pages\/97"}],"collection":[{"href":"https:\/\/www.rodglinianka.pl\/index.php?rest_route=\/wp\/v2\/pages"}],"about":[{"href":"https:\/\/www.rodglinianka.pl\/index.php?rest_route=\/wp\/v2\/types\/page"}],"author":[{"embeddable":true,"href":"https:\/\/www.rodglinianka.pl\/index.php?rest_route=\/wp\/v2\/users\/1"}],"replies":[{"embeddable":true,"href":"https:\/\/www.rodglinianka.pl\/index.php?rest_route=%2Fwp%2Fv2%2Fcomments&post=97"}],"version-history":[{"count":10,"href":"https:\/\/www.rodglinianka.pl\/index.php?rest_route=\/wp\/v2\/pages\/97\/revisions"}],"predecessor-version":[{"id":286,"href":"https:\/\/www.rodglinianka.pl\/index.php?rest_route=\/wp\/v2\/pages\/97\/revisions\/286"}],"wp:attachment":[{"href":"https:\/\/www.rodglinianka.pl\/index.php?rest_route=%2Fwp%2Fv2%2Fmedia&parent=97"}],"curies":[{"name":"wp","href":"https:\/\/api.w.org\/{rel}","templated":true}]}}