{"id":95,"date":"2019-09-04T09:32:24","date_gmt":"2019-09-04T07:32:24","guid":{"rendered":"https:\/\/www.rodglinianka.pl\/?page_id=95"},"modified":"2020-03-29T21:27:26","modified_gmt":"2020-03-29T19:27:26","slug":"aktualnosci","status":"publish","type":"page","link":"https:\/\/www.rodglinianka.pl\/?page_id=95","title":{"rendered":"Aktualno\u015bci i og\u0142oszenia"},"content":{"rendered":"\n<div class=\"wp-block-themeisle-blocks-advanced-columns has-1-columns has-desktop-equal-layout has-tablet-equal-layout has-mobile-equal-layout has-default-gap has-vertical-unset\" id=\"wp-block-themeisle-blocks-advanced-columns-d5acbc0d\" style=\"border-width:0px;border-style:solid;border-color:#000000;border-radius:0px;justify-content:unset\"><div class=\"wp-themeisle-block-overlay\" style=\"opacity:0.5;mix-blend-mode:normal\"><\/div><div class=\"innerblocks-wrap\">\n<div class=\"wp-block-themeisle-blocks-advanced-column\" id=\"wp-block-themeisle-blocks-advanced-column-1076f72a\" style=\"border-width:0px;border-style:solid;border-color:#000000;border-radius:0px\"><ul class=\"wp-block-latest-posts__list wp-block-latest-posts\"><li><a href=\"https:\/\/www.rodglinianka.pl\/?p=475\">Za\u0142\u0105czniki do uchwa\u0142y<\/a><div class=\"wp-block-latest-posts__post-excerpt\"><\/div><\/li>\n<li><a href=\"https:\/\/www.rodglinianka.pl\/?p=469\">Rozpocz\u0119cie inwestycji<\/a><div class=\"wp-block-latest-posts__post-excerpt\">DRODZY DZIA\u0141KWCY Uda\u0142o si\u0119 wy\u0142oni\u0107 I podpisa\u0107 umow\u0119 na realizacj\u0119 naszego zadania inwestycyjnego pt.Wymiana skrzynek elektrycznych zewn\u0119trznych na dzia\u0142kach na terenie ROD wraz z infrastruktur\u0105 towarzysz\u0105c\u0105.Pocz\u0105tek realizacji w\/w zadania przewidziany jest na pocz\u0105tek sierpnia 2025.Harmonogram prac b\u0119dzie podany p\u00f3\u017aniej i aktualizowany na bie\u017c\u0105co.Prosimy Dzia\u0142kowc\u00f3w o uwa\u017cne \u015bledzenie informacji wywieszanych na tablicach informacyjnych oraz na naszej <a class=\"continue\" href=\"https:\/\/www.rodglinianka.pl\/?p=469\">[Continue]<\/a><\/div><\/li>\n<li><a href=\"https:\/\/www.rodglinianka.pl\/?p=472\">Zarz\u0105d ROD Gliniaka informuje, \u017ce w dniu 28.06.2025<\/a><div class=\"wp-block-latest-posts__post-excerpt\">Komisja Przetargowa w sk\u0142adzie:Zdanowski JacekMarkowski GrzegorzZ\u0142otkowski Tadeusz dokona\u0142 otwarcia ofert, kt\u00f3re wyp\u0142yn\u0119\u0142y do Zarz\u0105du na wykonanie zadania inwestycyjnego: Wymiana skrzynek elektrycznych zewn\u0119trznych na dzia\u0142kach na terenie ROD wraz z infrastruktur\u0105 towarzysz\u0105c\u0105.Zg\u0142oszono dwie oferty.Najkorzystniejsz\u0105 ofert\u0105 wg kryterium oceny z naszego og\u0142oszenia przetargowego zosta\u0142a wybrana oferta firmy:Us\u0142ugi elektroinstalacyjne i us\u0142ugi og\u00f3lnobudowlane Zaborski Pawe\u0142<\/div><\/li>\n<\/ul><\/div>\n<\/div><\/div>\n","protected":false},"excerpt":{"rendered":"","protected":false},"author":1,"featured_media":0,"parent":0,"menu_order":0,"comment_status":"closed","ping_status":"closed","template":"","meta":[],"_links":{"self":[{"href":"https:\/\/www.rodglinianka.pl\/index.php?rest_route=\/wp\/v2\/pages\/95"}],"collection":[{"href":"https:\/\/www.rodglinianka.pl\/index.php?rest_route=\/wp\/v2\/pages"}],"about":[{"href":"https:\/\/www.rodglinianka.pl\/index.php?rest_route=\/wp\/v2\/types\/page"}],"author":[{"embeddable":true,"href":"https:\/\/www.rodglinianka.pl\/index.php?rest_route=\/wp\/v2\/users\/1"}],"replies":[{"embeddable":true,"href":"https:\/\/www.rodglinianka.pl\/index.php?rest_route=%2Fwp%2Fv2%2Fcomments&post=95"}],"version-history":[{"count":5,"href":"https:\/\/www.rodglinianka.pl\/index.php?rest_route=\/wp\/v2\/pages\/95\/revisions"}],"predecessor-version":[{"id":421,"href":"https:\/\/www.rodglinianka.pl\/index.php?rest_route=\/wp\/v2\/pages\/95\/revisions\/421"}],"wp:attachment":[{"href":"https:\/\/www.rodglinianka.pl\/index.php?rest_route=%2Fwp%2Fv2%2Fmedia&parent=95"}],"curies":[{"name":"wp","href":"https:\/\/api.w.org\/{rel}","templated":true}]}}