{"id":21,"date":"2019-08-30T18:57:02","date_gmt":"2019-08-30T16:57:02","guid":{"rendered":"https:\/\/www.rodglinianka.pl\/?page_id=21"},"modified":"2025-08-02T16:59:03","modified_gmt":"2025-08-02T14:59:03","slug":"kontakt-do-waznych-osob","status":"publish","type":"page","link":"https:\/\/www.rodglinianka.pl\/?page_id=21","title":{"rendered":"W\u0142adze"},"content":{"rendered":"\n<div class=\"wp-block-columns has-2-columns\">\n<div class=\"wp-block-column\">\n<p><\/p>\n<\/div>\n\n\n\n<div class=\"wp-block-column\"><\/div>\n<\/div>\n\n\n\n<h2>Zarz\u0105d<\/h2>\n\n\n\n<ul><li>prezes <strong>Andrzej Koprzak<\/strong>, tel. 501 491 240<a href=\"mailto:glinianka5@tlen.pl\"> glinianka5@tlen.pl<\/a><\/li><li>PO V-ce Prezesa <strong>Jacek Dmochowski<\/strong><\/li><li>skarbnik <strong>Zdzis\u0142aw Patrza\u0142ek<\/strong><\/li><li>sekretarz <strong>Barbara Ga\u0142\u0105zka<\/strong><\/li><li>cz\u0142onek <strong>Stefan \u0141ubnicki<\/strong><\/li><\/ul>\n\n\n\n<p><\/p>\n\n\n\n<h2>Komisja rewizyjna<\/h2>\n\n\n\n<ul><li>Przewodnicz\u0105cy <strong>Karol Giza<\/strong><\/li><li>V-ce Przewodnicz\u0105cy <strong>S\u0142awomir Jesiorowski<\/strong><\/li><li>Sekretarz <strong>Janusz K\u0119dzierski<\/strong><\/li><\/ul>\n\n\n\n<p><\/p>\n\n\n\n<p>Zarz\u0105d przyjmuje dzia\u0142kowc\u00f3w w ka\u017cd\u0105 pierwsz\u0105 sobot\u0119 miesi\u0105ca w godzinach 10:00 &#8211; 12:00 w siedzibie obok parkingu. <\/p>\n\n\n<p><!--StartFragment--><\/p>\n\n\n<p>Konto bankowe do wnoszenia op\u0142at:<\/p>\n\n\n\n<p><strong>PZD RODZINNY OGR\u00d3D DZIA\u0141KOWY &#8222;GLINIANKA &#8222;<\/strong><\/p>\n\n\n\n<h2>12&nbsp;1240&nbsp;2164&nbsp;1111&nbsp;0000&nbsp;3565&nbsp;4238 <\/h2>\n\n\n<p><!--EndFragment--><\/p>","protected":false},"excerpt":{"rendered":"<p>Zarz\u0105d prezes Andrzej Koprzak, tel. 501 491 240 glinianka5@tlen.pl PO V-ce Prezesa Jacek Dmochowski skarbnik Zdzis\u0142aw Patrza\u0142ek sekretarz Barbara Ga\u0142\u0105zka cz\u0142onek Stefan \u0141ubnicki Komisja rewizyjna Przewodnicz\u0105cy Karol Giza V-ce Przewodnicz\u0105cy S\u0142awomir Jesiorowski Sekretarz Janusz K\u0119dzierski Zarz\u0105d przyjmuje dzia\u0142kowc\u00f3w w ka\u017cd\u0105 pierwsz\u0105 sobot\u0119 miesi\u0105ca w godzinach 10:00 &#8211; 12:00 w siedzibie obok parkingu. Konto bankowe do <a class=\"continue\" href=\"https:\/\/www.rodglinianka.pl\/?page_id=21\">[Continue]<\/a><\/p>\n","protected":false},"author":1,"featured_media":0,"parent":0,"menu_order":0,"comment_status":"closed","ping_status":"closed","template":"","meta":[],"_links":{"self":[{"href":"https:\/\/www.rodglinianka.pl\/index.php?rest_route=\/wp\/v2\/pages\/21"}],"collection":[{"href":"https:\/\/www.rodglinianka.pl\/index.php?rest_route=\/wp\/v2\/pages"}],"about":[{"href":"https:\/\/www.rodglinianka.pl\/index.php?rest_route=\/wp\/v2\/types\/page"}],"author":[{"embeddable":true,"href":"https:\/\/www.rodglinianka.pl\/index.php?rest_route=\/wp\/v2\/users\/1"}],"replies":[{"embeddable":true,"href":"https:\/\/www.rodglinianka.pl\/index.php?rest_route=%2Fwp%2Fv2%2Fcomments&post=21"}],"version-history":[{"count":15,"href":"https:\/\/www.rodglinianka.pl\/index.php?rest_route=\/wp\/v2\/pages\/21\/revisions"}],"predecessor-version":[{"id":483,"href":"https:\/\/www.rodglinianka.pl\/index.php?rest_route=\/wp\/v2\/pages\/21\/revisions\/483"}],"wp:attachment":[{"href":"https:\/\/www.rodglinianka.pl\/index.php?rest_route=%2Fwp%2Fv2%2Fmedia&parent=21"}],"curies":[{"name":"wp","href":"https:\/\/api.w.org\/{rel}","templated":true}]}}