{"id":164,"date":"2020-01-26T23:23:31","date_gmt":"2020-01-26T22:23:31","guid":{"rendered":"https:\/\/www.rodglinianka.pl\/?page_id=164"},"modified":"2025-06-02T21:45:58","modified_gmt":"2025-06-02T19:45:58","slug":"oplaty","status":"publish","type":"page","link":"https:\/\/www.rodglinianka.pl\/?page_id=164","title":{"rendered":"Op\u0142aty 2025"},"content":{"rendered":"\n<figure class=\"wp-block-table\"><table><tbody><tr><td><strong>Rodzaj op\u0142aty<\/strong><\/td><td><strong>Spos\u00f3b wyliczenia<\/strong><\/td><td><strong>Stawka<\/strong><\/td><\/tr><tr><td>Sk\u0142adka cz\u0142onkowska<\/td><td>Od dzia\u0142ki<\/td><td><strong>6,00 z\u0142<\/strong><\/td><\/tr><tr><td>Op\u0142ata za bie\u017c\u0105c\u0105 konserwacj\u0119 ROD<\/td><td>Od dzia\u0142ki<\/td><td><strong>60,00 z\u0142<\/strong><\/td><\/tr><tr><td>Op\u0142ata ogrodowa<\/td><td>Za m2 dzia\u0142ki<\/td><td><strong>1,00 z\u0142<\/strong><\/td><\/tr><tr><td>Op\u0142ata energetyczna<\/td><td>Od dzia\u0142ki<\/td><td><strong>100,00 z\u0142<\/strong><\/td><\/tr><tr><td>Op\u0142ata za wyw\u00f3z \u015bmieci<\/td><td>Od dzia\u0142ki<\/td><td><strong>400,00 z\u0142<\/strong><\/td><\/tr><\/tbody><\/table><figcaption>Noty z bie\u017c\u0105cymi op\u0142atami s\u0105 do odbioru w biurze ROD<\/figcaption><\/figure>\n","protected":false},"excerpt":{"rendered":"<p>Rodzaj op\u0142aty Spos\u00f3b wyliczenia Stawka Sk\u0142adka cz\u0142onkowska Od dzia\u0142ki 6,00 z\u0142 Op\u0142ata za bie\u017c\u0105c\u0105 konserwacj\u0119 ROD Od dzia\u0142ki 60,00 z\u0142 Op\u0142ata ogrodowa Za m2 dzia\u0142ki 1,00 z\u0142 Op\u0142ata energetyczna Od dzia\u0142ki 100,00 z\u0142 Op\u0142ata za wyw\u00f3z \u015bmieci Od dzia\u0142ki 400,00 z\u0142 Noty z bie\u017c\u0105cymi op\u0142atami s\u0105 do odbioru w biurze ROD<\/p>\n","protected":false},"author":1,"featured_media":0,"parent":0,"menu_order":0,"comment_status":"closed","ping_status":"closed","template":"","meta":[],"_links":{"self":[{"href":"https:\/\/www.rodglinianka.pl\/index.php?rest_route=\/wp\/v2\/pages\/164"}],"collection":[{"href":"https:\/\/www.rodglinianka.pl\/index.php?rest_route=\/wp\/v2\/pages"}],"about":[{"href":"https:\/\/www.rodglinianka.pl\/index.php?rest_route=\/wp\/v2\/types\/page"}],"author":[{"embeddable":true,"href":"https:\/\/www.rodglinianka.pl\/index.php?rest_route=\/wp\/v2\/users\/1"}],"replies":[{"embeddable":true,"href":"https:\/\/www.rodglinianka.pl\/index.php?rest_route=%2Fwp%2Fv2%2Fcomments&post=164"}],"version-history":[{"count":9,"href":"https:\/\/www.rodglinianka.pl\/index.php?rest_route=\/wp\/v2\/pages\/164\/revisions"}],"predecessor-version":[{"id":383,"href":"https:\/\/www.rodglinianka.pl\/index.php?rest_route=\/wp\/v2\/pages\/164\/revisions\/383"}],"wp:attachment":[{"href":"https:\/\/www.rodglinianka.pl\/index.php?rest_route=%2Fwp%2Fv2%2Fmedia&parent=164"}],"curies":[{"name":"wp","href":"https:\/\/api.w.org\/{rel}","templated":true}]}}