{"id":139,"date":"2019-11-14T05:48:03","date_gmt":"2019-11-14T04:48:03","guid":{"rendered":"https:\/\/www.rodglinianka.pl\/?page_id=139"},"modified":"2019-11-14T05:53:39","modified_gmt":"2019-11-14T04:53:39","slug":"dokumenty","status":"publish","type":"page","link":"https:\/\/www.rodglinianka.pl\/?page_id=139","title":{"rendered":"Dokumenty"},"content":{"rendered":"\n<div class=\"wp-block-themeisle-blocks-advanced-columns has-2-columns has-desktop-equal-layout has-tablet-equal-layout has-mobile-collapsedRows-layout has-default-gap has-vertical-unset\" id=\"wp-block-themeisle-blocks-advanced-columns-79a2db5e\" style=\"border-width:0px;border-style:solid;border-color:#000000;border-radius:0px;justify-content:unset\"><div class=\"wp-themeisle-block-overlay\" style=\"opacity:0.5;mix-blend-mode:normal\"><\/div><div class=\"innerblocks-wrap\">\n<div class=\"wp-block-themeisle-blocks-advanced-column\" id=\"wp-block-themeisle-blocks-advanced-column-5627a4e0\" style=\"border-width:0px;border-style:solid;border-color:#000000;border-radius:0px\">\n<p style=\"text-align:center\"><a href=\"https:\/\/www.rodglinianka.pl\/wp-content\/uploads\/2019\/11\/Umowa_dzierzawy_dzialkowej-1.docx\"><img loading=\"lazy\" width=\"466\" height=\"466\" class=\"wp-image-150\" style=\"width: 50px;\" src=\"https:\/\/www.rodglinianka.pl\/wp-content\/uploads\/2019\/11\/Download-Icon-Wenzel.png\" alt=\"\" srcset=\"https:\/\/www.rodglinianka.pl\/wp-content\/uploads\/2019\/11\/Download-Icon-Wenzel.png 466w, https:\/\/www.rodglinianka.pl\/wp-content\/uploads\/2019\/11\/Download-Icon-Wenzel-150x150.png 150w, https:\/\/www.rodglinianka.pl\/wp-content\/uploads\/2019\/11\/Download-Icon-Wenzel-300x300.png 300w\" sizes=\"(max-width: 466px) 100vw, 466px\" \/><br>Umowa dzier\u017cawy dzia\u0142kowej<\/a><\/p>\n\n\n\n<p style=\"text-align:center\"><a href=\"https:\/\/www.rodglinianka.pl\/wp-content\/uploads\/2019\/11\/wniosek-osoby-bliskiej-o-ustanowienie-prawa-po-zmar\u0142ym-dziakowcu.docx\"><img loading=\"lazy\" width=\"466\" height=\"466\" class=\"wp-image-150\" style=\"width: 50px;\" src=\"https:\/\/www.rodglinianka.pl\/wp-content\/uploads\/2019\/11\/Download-Icon-Wenzel.png\" alt=\"\" srcset=\"https:\/\/www.rodglinianka.pl\/wp-content\/uploads\/2019\/11\/Download-Icon-Wenzel.png 466w, https:\/\/www.rodglinianka.pl\/wp-content\/uploads\/2019\/11\/Download-Icon-Wenzel-150x150.png 150w, https:\/\/www.rodglinianka.pl\/wp-content\/uploads\/2019\/11\/Download-Icon-Wenzel-300x300.png 300w\" sizes=\"(max-width: 466px) 100vw, 466px\" \/><br>Wniosek osoby bliskiej o ustanowienie prawa po zmar\u0142ym dzia\u0142kowcu<\/a><\/p>\n\n\n\n<p style=\"text-align:center\"><a href=\"https:\/\/www.rodglinianka.pl\/wp-content\/uploads\/2019\/11\/Oswiadczenie-o-wstapieniu-w-prawa-do-ddzia\u0142ki-po-zmar\u0142um-wsp\u00f3\u0142ma\u0142\u017conku.docx\"><img loading=\"lazy\" width=\"466\" height=\"466\" class=\"wp-image-150\" style=\"width: 50px;\" src=\"https:\/\/www.rodglinianka.pl\/wp-content\/uploads\/2019\/11\/Download-Icon-Wenzel.png\" alt=\"\" srcset=\"https:\/\/www.rodglinianka.pl\/wp-content\/uploads\/2019\/11\/Download-Icon-Wenzel.png 466w, https:\/\/www.rodglinianka.pl\/wp-content\/uploads\/2019\/11\/Download-Icon-Wenzel-150x150.png 150w, https:\/\/www.rodglinianka.pl\/wp-content\/uploads\/2019\/11\/Download-Icon-Wenzel-300x300.png 300w\" sizes=\"(max-width: 466px) 100vw, 466px\" \/><br>O\u015bwiadczenie o wst\u0105pieniu w prawa do dzia\u0142ki po zmar\u0142ym wsp\u00f3\u0142ma\u0142\u017conku<\/a><\/p>\n<\/div>\n\n\n\n<div class=\"wp-block-themeisle-blocks-advanced-column\" id=\"wp-block-themeisle-blocks-advanced-column-23831645\" style=\"border-width:0px;border-style:solid;border-color:#000000;border-radius:0px\">\n<p style=\"text-align:center\"><a href=\"https:\/\/www.rodglinianka.pl\/wp-content\/uploads\/2019\/11\/umowa-przeniesienia-prawa-do-dzia\u0142ki.docx\"><img loading=\"lazy\" width=\"466\" height=\"466\" class=\"wp-image-150\" style=\"width: 50px;\" src=\"https:\/\/www.rodglinianka.pl\/wp-content\/uploads\/2019\/11\/Download-Icon-Wenzel.png\" alt=\"\" srcset=\"https:\/\/www.rodglinianka.pl\/wp-content\/uploads\/2019\/11\/Download-Icon-Wenzel.png 466w, https:\/\/www.rodglinianka.pl\/wp-content\/uploads\/2019\/11\/Download-Icon-Wenzel-150x150.png 150w, https:\/\/www.rodglinianka.pl\/wp-content\/uploads\/2019\/11\/Download-Icon-Wenzel-300x300.png 300w\" sizes=\"(max-width: 466px) 100vw, 466px\" \/><br>Umowa przeniesienia prawa do dzia\u0142ki<\/a><\/p>\n\n\n\n<p style=\"text-align:center\"><a href=\"https:\/\/www.rodglinianka.pl\/wp-content\/uploads\/2019\/11\/Umowa-zamiany-praw-do-dzia\u0142ek.docx\"><img loading=\"lazy\" width=\"466\" height=\"466\" class=\"wp-image-150\" style=\"width: 50px;\" src=\"https:\/\/www.rodglinianka.pl\/wp-content\/uploads\/2019\/11\/Download-Icon-Wenzel.png\" alt=\"\" srcset=\"https:\/\/www.rodglinianka.pl\/wp-content\/uploads\/2019\/11\/Download-Icon-Wenzel.png 466w, https:\/\/www.rodglinianka.pl\/wp-content\/uploads\/2019\/11\/Download-Icon-Wenzel-150x150.png 150w, https:\/\/www.rodglinianka.pl\/wp-content\/uploads\/2019\/11\/Download-Icon-Wenzel-300x300.png 300w\" sizes=\"(max-width: 466px) 100vw, 466px\" \/><br>Umowa zamiany praw do dzia\u0142ek<\/a><\/p>\n\n\n\n<p style=\"text-align:center\"><a href=\"https:\/\/www.rodglinianka.pl\/wp-content\/uploads\/2019\/11\/Wzor-deklaracji-czlonkowskiej.docx\"><img loading=\"lazy\" width=\"466\" height=\"466\" class=\"wp-image-150\" style=\"width: 50px;\" src=\"https:\/\/www.rodglinianka.pl\/wp-content\/uploads\/2019\/11\/Download-Icon-Wenzel.png\" alt=\"\" srcset=\"https:\/\/www.rodglinianka.pl\/wp-content\/uploads\/2019\/11\/Download-Icon-Wenzel.png 466w, https:\/\/www.rodglinianka.pl\/wp-content\/uploads\/2019\/11\/Download-Icon-Wenzel-150x150.png 150w, https:\/\/www.rodglinianka.pl\/wp-content\/uploads\/2019\/11\/Download-Icon-Wenzel-300x300.png 300w\" sizes=\"(max-width: 466px) 100vw, 466px\" \/><br>Wz\u00f3r deklaracji cz\u0142onkowskiej<\/a><\/p>\n\n\n\n<p style=\"text-align:center\"><a href=\"https:\/\/www.rodglinianka.pl\/wp-content\/uploads\/2019\/11\/Umowa_wsp\u00f3\u0142ma\u0142\u017conek-dzierzawa-dzialkowa-zm-27.08.docx\"><img loading=\"lazy\" width=\"466\" height=\"466\" class=\"wp-image-150\" style=\"width: 50px;\" src=\"https:\/\/www.rodglinianka.pl\/wp-content\/uploads\/2019\/11\/Download-Icon-Wenzel.png\" alt=\"\" srcset=\"https:\/\/www.rodglinianka.pl\/wp-content\/uploads\/2019\/11\/Download-Icon-Wenzel.png 466w, https:\/\/www.rodglinianka.pl\/wp-content\/uploads\/2019\/11\/Download-Icon-Wenzel-150x150.png 150w, https:\/\/www.rodglinianka.pl\/wp-content\/uploads\/2019\/11\/Download-Icon-Wenzel-300x300.png 300w\" sizes=\"(max-width: 466px) 100vw, 466px\" \/><br>Wz\u00f3r umowy dzier\u017cawy dzia\u0142kowej ze wsp\u00f3\u0142ma\u0142\u017conkiem<\/a><\/p>\n<\/div>\n<\/div><\/div>\n","protected":false},"excerpt":{"rendered":"","protected":false},"author":1,"featured_media":0,"parent":0,"menu_order":0,"comment_status":"closed","ping_status":"closed","template":"","meta":[],"_links":{"self":[{"href":"https:\/\/www.rodglinianka.pl\/index.php?rest_route=\/wp\/v2\/pages\/139"}],"collection":[{"href":"https:\/\/www.rodglinianka.pl\/index.php?rest_route=\/wp\/v2\/pages"}],"about":[{"href":"https:\/\/www.rodglinianka.pl\/index.php?rest_route=\/wp\/v2\/types\/page"}],"author":[{"embeddable":true,"href":"https:\/\/www.rodglinianka.pl\/index.php?rest_route=\/wp\/v2\/users\/1"}],"replies":[{"embeddable":true,"href":"https:\/\/www.rodglinianka.pl\/index.php?rest_route=%2Fwp%2Fv2%2Fcomments&post=139"}],"version-history":[{"count":2,"href":"https:\/\/www.rodglinianka.pl\/index.php?rest_route=\/wp\/v2\/pages\/139\/revisions"}],"predecessor-version":[{"id":154,"href":"https:\/\/www.rodglinianka.pl\/index.php?rest_route=\/wp\/v2\/pages\/139\/revisions\/154"}],"wp:attachment":[{"href":"https:\/\/www.rodglinianka.pl\/index.php?rest_route=%2Fwp%2Fv2%2Fmedia&parent=139"}],"curies":[{"name":"wp","href":"https:\/\/api.w.org\/{rel}","templated":true}]}}